{"id":28,"date":"2022-06-05T17:42:28","date_gmt":"2022-06-05T17:42:28","guid":{"rendered":"https:\/\/www.silmudesign.fi\/?page_id=28"},"modified":"2024-03-18T14:43:36","modified_gmt":"2024-03-18T14:43:36","slug":"ota-yhtettta","status":"publish","type":"page","link":"https:\/\/www.silmudesign.fi\/index.php\/ota-yhtettta\/","title":{"rendered":"OTA YHTEYTT\u00c4"},"content":{"rendered":"\n<pre class=\"wp-block-preformatted\">Hienoa kun olet kiinnostunut tuotteistani! T\u00e4ll\u00e4 hetkell\u00e4 tuotteitani voi ostaa tilaamalla alla olevalla lomakkeella. Kirjoita viestikentt\u00e4\u00e4n, mist\u00e4 tuotteesta olisit kiinnostunut. Ota ihmeess\u00e4 yhteytt\u00e4 my\u00f6s, jos sinulla on jokin toive jostakin tuotteesta tai jos v\u00e4ri ei miellyt\u00e4. \n\nAlla oleva lomake toimii my\u00f6s kaikissa muissakin yhteydenotoissa.\n\nViesteihin vastaan mahdollisimman pian.\n  <\/pre>\n\n\n<div class=\"wp-block-jetpack-contact-form is-layout-flex wp-container-jetpack-contact-form-is-layout-faa3ad1c wp-block-jetpack-contact-form-is-layout-flex\"><a href=\"https:\/\/www.silmudesign.fi\/index.php\/ota-yhtettta\/\" target=\"_blank\" rel=\"noopener noreferrer\">Submit a form.<\/a><\/div>","protected":false},"excerpt":{"rendered":"<p>Hienoa kun olet kiinnostunut tuotteistani! T\u00e4ll\u00e4 hetkell\u00e4 tuotteitani voi ostaa tilaamalla alla olevalla lomakkeella. Kirjoita viestikentt\u00e4\u00e4n, mist\u00e4 tuotteesta olisit kiinnostunut. Ota ihmeess\u00e4 yhteytt\u00e4 my\u00f6s, jos sinulla on jokin toive jostakin tuotteesta tai jos v\u00e4ri ei miellyt\u00e4. Alla oleva lomake toimii my\u00f6s kaikissa muissakin yhteydenotoissa. Viesteihin vastaan mahdollisimman pian.<\/p>\n","protected":false},"author":1,"featured_media":0,"parent":0,"menu_order":0,"comment_status":"closed","ping_status":"closed","template":"","meta":{"footnotes":""},"class_list":["post-28","page","type-page","status-publish","hentry"],"jetpack_sharing_enabled":true,"_links":{"self":[{"href":"https:\/\/www.silmudesign.fi\/index.php\/wp-json\/wp\/v2\/pages\/28","targetHints":{"allow":["GET"]}}],"collection":[{"href":"https:\/\/www.silmudesign.fi\/index.php\/wp-json\/wp\/v2\/pages"}],"about":[{"href":"https:\/\/www.silmudesign.fi\/index.php\/wp-json\/wp\/v2\/types\/page"}],"author":[{"embeddable":true,"href":"https:\/\/www.silmudesign.fi\/index.php\/wp-json\/wp\/v2\/users\/1"}],"replies":[{"embeddable":true,"href":"https:\/\/www.silmudesign.fi\/index.php\/wp-json\/wp\/v2\/comments?post=28"}],"version-history":[{"count":6,"href":"https:\/\/www.silmudesign.fi\/index.php\/wp-json\/wp\/v2\/pages\/28\/revisions"}],"predecessor-version":[{"id":267,"href":"https:\/\/www.silmudesign.fi\/index.php\/wp-json\/wp\/v2\/pages\/28\/revisions\/267"}],"wp:attachment":[{"href":"https:\/\/www.silmudesign.fi\/index.php\/wp-json\/wp\/v2\/media?parent=28"}],"curies":[{"name":"wp","href":"https:\/\/api.w.org\/{rel}","templated":true}]}}